{"id":6,"date":"2016-09-13T09:31:36","date_gmt":"2016-09-13T09:31:36","guid":{"rendered":"https:\/\/energijski-park.si\/?page_id=2"},"modified":"2016-09-13T09:31:36","modified_gmt":"2016-09-13T09:31:36","slug":"sample-page-2","status":"publish","type":"page","link":"https:\/\/energijski-park.si\/","title":{"rendered":""},"content":{"rendered":"\n<p>Park se nahaja v osr\u010dju Krasa v vasi Kosovelje. Je na zasebni parceli na kateri sta najprej lastnika za\u010dutila mo\u010dne energije, ki sta jih potrdila \u0161e z obiskom radiestezista, bioenergetika in naredila tudi geomanti\u010dno analizo prostora. Ta je pokazala, da je energijski sistem na parceli sestavljen iz glavnih \u010daker, ki jih povezujeta glavna zdravilna meridiana. Po parceli poteka tudi lokalna zmajeva linija. V delu parcele je bilo tudi staro kr\u0161\u010dansko sveti\u0161\u010de, kjer so ljudje prejemali iniciacije.<br><\/p>\n\n\n\n<div class=\"wp-block-image\"><figure class=\"aligncenter\"><img loading=\"lazy\" width=\"500\" height=\"375\" src=\"https:\/\/energijski-park.si\/wp-content\/uploads\/2016\/09\/IMG_7197-e1476213111636.jpg\" alt=\"img_7197\" class=\"wp-image-24\" srcset=\"https:\/\/energijski-park.si\/wp-content\/uploads\/2016\/09\/IMG_7197-e1476213111636.jpg 500w, https:\/\/energijski-park.si\/wp-content\/uploads\/2016\/09\/IMG_7197-e1476213111636-300x225.jpg 300w\" sizes=\"(max-width: 500px) 100vw, 500px\" \/><\/figure><\/div>\n\n\n\n<p>Na parceli je evidentiranih 21 zdravilnih to\u010dk in vrelcev, ki so ozna\u010deni z barvo \u010dakre in delujejo po metodi kvantne fizike.<\/p>\n\n\n\n<p>Telo na to\u010dkah pridobi ustrezno energijo, ki potem obnovi njegove celice. Mirovanje na energijskih to\u010dkah (razli\u010dno \u010dasovno obdobje na dolo\u010deni to\u010dki) je usklajevanje z naravo, njenimi energijami, brez katerih na\u0161e zdravje ni popolno. Zdravje namre\u010d ni samo odsotnost bolezni, ampak mnogo ve\u010d. Zdrav si, ko ima\u0161 vse svoje energije (telo, duh, du\u0161a) pod lastnim nadzorom.<\/p>\n\n\n\n<p>Del parka je namenjen zdravilnim rastlinam in energiji dreves.<\/p>\n\n\n\n<div class=\"wp-block-image\"><figure class=\"aligncenter\"><img loading=\"lazy\" width=\"400\" height=\"533\" src=\"https:\/\/energijski-park.si\/wp-content\/uploads\/2016\/09\/IMG_7178-e1476213489152.jpg\" alt=\"img_7178\" class=\"wp-image-27\" srcset=\"https:\/\/energijski-park.si\/wp-content\/uploads\/2016\/09\/IMG_7178-e1476213489152.jpg 400w, https:\/\/energijski-park.si\/wp-content\/uploads\/2016\/09\/IMG_7178-e1476213489152-225x300.jpg 225w\" sizes=\"(max-width: 400px) 100vw, 400px\" \/><\/figure><\/div>\n\n\n\n<hr class=\"wp-block-separator\"\/>\n\n\n\n<h1>Izvajamo<\/h1>\n\n\n\n<div style=\"height:18px\" aria-hidden=\"true\" class=\"wp-block-spacer\"><\/div>\n\n\n\n<h3>Obisk parka<\/h3>\n\n\n\n<ul><li>s predstavitvijo posameznih energijskih to\u010dk,<\/li><li>z meditacijo na to\u010dki za celo telo<\/li><li>prosto prehajanje po to\u010dkah in uravnavanje energij, ki nam primankujejo.<\/li><\/ul>\n\n\n\n<div style=\"height:18px\" aria-hidden=\"true\" class=\"wp-block-spacer\"><\/div>\n\n\n\n<h3>4-urna delavnica<\/h3>\n\n\n\n<p>Delavnica s predstavitvijo parka in kjer se bomo napolnili z energijami na vseh ravneh zavedanja in spoznali energije zemlje, zraka, vode in ognja.<\/p>\n\n\n\n<ul><li>Delali bomo rituale na labirintum spirali, osmici, energijskem srcu, meditirali v piramidi.<\/li><li>Spoznali bomo energijo dreves, energijo na posamezni energijski to\u010dki po \u010dakrah&#8230;<\/li><li>Spoznali jogo na posamezno \u010dakro.<\/li><\/ul>\n\n\n\n<p>Najmanj\u0161e \u0161tevilo udele\u017eencev je 4.<\/p>\n\n\n\n<div style=\"height:18px\" aria-hidden=\"true\" class=\"wp-block-spacer\"><\/div>\n\n\n\n<h3>Celodnevna delavnica<\/h3>\n\n\n\n<p>Nepozabna detoks delavnica brez elektronskih naprav.<\/p>\n\n\n\n<ul><li>Spoznali bomo energijo Krasa,<\/li><li>ve\u010dino \u010dasa bomo pre\u017eiveli v energijskem parku ob energijah zemlje,<\/li><li>vadili jogo,<\/li><li>se pogovarjali po skupinah,<\/li><li>od\u0161li na pohod po Zmajevi liniji,<\/li><li>spoznali pozitivne u\u010dinke meditacije, mantern,<\/li><li>pogovarjali se bomo o literaturi za du\u0161o,<\/li><li>spoznali bomo vpliv zvokov na telo.<\/li><\/ul>\n\n\n\n<p>Vmes bomo imeli kosilo, na razpolago bo tudi sadje.<\/p>\n\n\n\n<p>Za ve\u010d informacij pokli\u010dite na <strong>041 628 677<\/strong><\/p>\n\n\n\n<hr class=\"wp-block-separator\"\/>\n\n\n\n<h3>Energijska polja in vrelci<\/h3>\n\n\n\n<figure class=\"wp-block-table\"><table><tbody><tr><th>Barva<\/th><th>Blokade<\/th><\/tr><tr><th><span style=\"color: #ff0000;\">Rde\u010da<\/span><\/th><td>Te\u017eave s kostmi, hrbtenico, zobmi, z debeli \u010drevesjem, z nogami in stopali, strah pred \u017eivljenjem, nestrpnost&#8230;<\/td><\/tr><tr><th><span style=\"color: #ff6600;\">Oran\u017ena<\/span><\/th><td>Obolenja v zvezi s telesnimiteko\u010dinami: krvjo, \u017eol\u010dem, slino, limfo in njihovimi organi: mehurjem, ledvicami, limfnimi vozli, nadledvi\u010dno \u017elezo, te\u017eave s spolnostjo, pomanjkanje vitalnosti&#8230;<\/td><\/tr><tr><th><span style=\"color: #e6d32e;\">Rumena<\/span><\/th><td>Te\u017eave z \u017eelodcem, dvanajstnikom, nepravilno funkcijo trebu\u0161ne slinovke, te\u017eave z jetri, \u017eol\u010dem, v delovanju slinavke (suha usta), oblastnost, togost, trma&#8230;<\/td><\/tr><tr><th><span style=\"color: #99cc00;\">Zelena<\/span><\/th><td>Neskladje v timusu (padec odpornosti), te\u017eave s srcem, plju\u010di, napadi astme, motnje s prekrvavitvijo, rak, aids&#8230;<br>Te\u017eave v ljubezni: postavljanje pogojev v ljubezni, ljebezen, ki du\u0161i pretirana nesebi\u010dnost, pretirano poudarjanje sebe&#8230;<\/td><\/tr><tr><th><span style=\"color: #333399;\">Modra<\/span><\/th><td>Problem s \u0161\u010ditnico, angine, hripavost, bole\u010dine v vratu, vse napetosti in kr\u010devitosti v telesu, motnje v rasti, izra\u017eanje sebe, tiranstvo, demagogija&#8230;<\/td><\/tr><tr><th><span style=\"color: #572dba;\">Indigo<\/span><\/th><td>Nedelujo\u010da epifaza-brezciljno, labilno \u017eivljenje, odtujitev delu, trajna nezaposlenost, te\u017eave s koncentracijo, hormonskim in \u017eiv\u010dnim sistemom, nenehno bolestno iskanje smisla, du\u0161evna zmedenost, ob\u010dutek brezsmiselnosti, te\u017eave z o\u010dmi, sluhom, glavoboli, zaprtimi sinusi&#8230;<\/td><\/tr><tr><th><span style=\"color: #800080;\">Vijoli\u010dna<\/span><\/th><td>Problemi z glavoboli, depresijami, motnje v koncentraciji in pri spanju, du\u0161evne bolezni in du\u0161evna iz\u010drpanost, kroni\u010dne bolezni&#8230;<\/td><\/tr><tr><th><span style=\"color: #ffd700;\">Zlata<\/span><\/th><td>Slabo po\u010dutje, iz\u010drpanost, kroni\u010dna utrujenost energijsko polnjenje celotnega telesa&#8230;<\/td><\/tr><tr><th><span style=\"color: #e3e3e3;\">Bela<\/span><\/th><td>Aura in energetski kanali &#8211; pred bolezenskimi znaki za celo telo&#8230;.<\/td><\/tr><\/tbody><\/table><\/figure>\n\n\n\n<p>Skupaj s terapevtom si izberemo tista energijska sevanja, ki nam najbolj primanjkujejo.<\/p>\n\n\n\n<p>Obiski parka potekajo organizirano in tu ni mogo\u010d prost obisk zaradi premo\u010dne energije za ljudi z blokadami v organizmu.<\/p>\n\n\n\n<p><\/p>\n\n\n\n<p><b>Za obisk pokli\u010dite eno iz med spodnjih \u0161tevilk:<\/b><br>05 764 0025<br>041 628 677<br>031 628 677<\/p>\n\n\n\n<p><\/p>\n\n\n\n<h3>&nbsp;Kako do nas?<\/h3>\n\n\n\n<p>Iz Se\u017eane sledimo smeri Nova Gorica, gremo skozi Tomaj in Dutovlje. V Dutovljah na koncu vasi vzamemo smer Komen in po cca 4 km zavijemo na desno proti Kosovelju.<\/p>\n\n\n\n<p class=\"has-text-align-center\"><iframe loading=\"lazy\" style=\"border: 0;\" src=\"https:\/\/www.google.com\/maps\/embed?pb=!1m18!1m12!1m3!1d1756.9930022532105!2d13.796885347825873!3d45.78707099766514!2m3!1f0!2f0!3f0!3m2!1i1024!2i768!4f13.1!3m3!1m2!1s0x0%3A0x0!2zNDXCsDQ3JzEzLjUiTiAxM8KwNDcnNTEuNCJF!5e1!3m2!1sen!2sus!4v1476217172307\" width=\"600\" height=\"450\" frameborder=\"0\" allowfullscreen=\"allowfullscreen\"><\/iframe><\/p>\n","protected":false},"excerpt":{"rendered":"<p>Park se nahaja v osr\u010dju Krasa v vasi Kosovelje. Je na zasebni [&hellip;]<\/p>\n","protected":false},"author":1,"featured_media":0,"parent":0,"menu_order":0,"comment_status":"closed","ping_status":"open","template":"","meta":[],"_links":{"self":[{"href":"https:\/\/energijski-park.si\/index.php?rest_route=\/wp\/v2\/pages\/6"}],"collection":[{"href":"https:\/\/energijski-park.si\/index.php?rest_route=\/wp\/v2\/pages"}],"about":[{"href":"https:\/\/energijski-park.si\/index.php?rest_route=\/wp\/v2\/types\/page"}],"author":[{"embeddable":true,"href":"https:\/\/energijski-park.si\/index.php?rest_route=\/wp\/v2\/users\/1"}],"replies":[{"embeddable":true,"href":"https:\/\/energijski-park.si\/index.php?rest_route=%2Fwp%2Fv2%2Fcomments&post=6"}],"version-history":[{"count":0,"href":"https:\/\/energijski-park.si\/index.php?rest_route=\/wp\/v2\/pages\/6\/revisions"}],"wp:attachment":[{"href":"https:\/\/energijski-park.si\/index.php?rest_route=%2Fwp%2Fv2%2Fmedia&parent=6"}],"curies":[{"name":"wp","href":"https:\/\/api.w.org\/{rel}","templated":true}]}}